{"id":6259,"date":"2016-09-15T10:08:27","date_gmt":"2016-09-15T14:08:27","guid":{"rendered":"https:\/\/sunfireheaters.ca\/acheter\/"},"modified":"2024-01-09T14:37:36","modified_gmt":"2024-01-09T19:37:36","slug":"acheter","status":"publish","type":"page","link":"https:\/\/sunfireheaters.ca\/fr\/acheter\/","title":{"rendered":"Acheter"},"content":{"rendered":"\t\t<div data-elementor-type=\"wp-page\" data-elementor-id=\"6259\" class=\"elementor elementor-6259 elementor-858\" data-elementor-post-type=\"page\">\n\t\t\t\t<div class=\"elementor-element elementor-element-5730476 e-flex e-con-boxed e-con e-parent\" data-id=\"5730476\" data-element_type=\"container\" data-e-type=\"container\">\n\t\t\t\t\t<div class=\"e-con-inner\">\n\t\t\t\t<div class=\"elementor-element elementor-element-97346ca elementor-widget elementor-widget-heading\" data-id=\"97346ca\" data-element_type=\"widget\" data-e-type=\"widget\" data-widget_type=\"heading.default\">\n\t\t\t\t<div class=\"elementor-widget-container\">\n\t\t\t\t\t<h2 class=\"elementor-heading-title elementor-size-default\">Bient\u00f4t des magasins locaux<\/h2>\t\t\t\t<\/div>\n\t\t\t\t<\/div>\n\t\t\t\t<div class=\"elementor-element elementor-element-5a79058 elementor-widget elementor-widget-text-editor\" data-id=\"5a79058\" data-element_type=\"widget\" data-e-type=\"widget\" data-widget_type=\"text-editor.default\">\n\t\t\t\t<div class=\"elementor-widget-container\">\n\t\t\t\t\t\t\t\t\t<p>Vous pouvez \u00e9galement acheter directement. Choisissez votre mod\u00e8le ci-dessous pour l&rsquo;acheter maintenant.<\/p>\n\t\t\t\t\t\t\t\t<\/div>\n\t\t\t\t<\/div>\n\t\t\t\t\t<\/div>\n\t\t\t\t<\/div>\n\t\t<div class=\"elementor-element elementor-element-e37eb91 e-flex e-con-boxed e-con e-parent\" data-id=\"e37eb91\" data-element_type=\"container\" data-e-type=\"container\">\n\t\t\t\t\t<div class=\"e-con-inner\">\n\t\t<div class=\"elementor-element elementor-element-bdddfde e-flex e-con-boxed e-con e-child\" data-id=\"bdddfde\" data-element_type=\"container\" data-e-type=\"container\">\n\t\t\t\t\t<div class=\"e-con-inner\">\n\t\t<div class=\"elementor-element elementor-element-433332f e-flex e-con-boxed e-con e-child\" data-id=\"433332f\" data-element_type=\"container\" data-e-type=\"container\">\n\t\t\t\t\t<div class=\"e-con-inner\">\n\t\t\t\t<div class=\"elementor-element elementor-element-7610351 elementor-widget elementor-widget-image\" data-id=\"7610351\" data-element_type=\"widget\" data-e-type=\"widget\" data-widget_type=\"image.default\">\n\t\t\t\t<div class=\"elementor-widget-container\">\n\t\t\t\t\t\t\t\t\t\t\t\t\t\t\t<img fetchpriority=\"high\" decoding=\"async\" width=\"715\" height=\"750\" src=\"https:\/\/sunfireheaters.ca\/wp-content\/uploads\/2023\/08\/SUNFIRE_SF80_HERO_1-min.png\" class=\"attachment-medium_large size-medium_large wp-image-6067\" alt=\"\" srcset=\"https:\/\/sunfireheaters.ca\/wp-content\/uploads\/2023\/08\/SUNFIRE_SF80_HERO_1-min.png 715w, https:\/\/sunfireheaters.ca\/wp-content\/uploads\/2023\/08\/SUNFIRE_SF80_HERO_1-min-286x300.png 286w, https:\/\/sunfireheaters.ca\/wp-content\/uploads\/2023\/08\/SUNFIRE_SF80_HERO_1-min-600x629.png 600w\" sizes=\"(max-width: 715px) 100vw, 715px\">\t\t\t\t\t\t\t\t\t\t\t\t\t\t\t<\/div>\n\t\t\t\t<\/div>\n\t\t<div class=\"elementor-element elementor-element-8d58f57 e-flex e-con-boxed e-con e-child\" data-id=\"8d58f57\" data-element_type=\"container\" data-e-type=\"container\" data-settings=\"{&quot;background_background&quot;:&quot;classic&quot;}\">\n\t\t\t\t\t<div class=\"e-con-inner\">\n\t\t\t\t<div class=\"elementor-element elementor-element-24c777b elementor-widget elementor-widget-image\" data-id=\"24c777b\" data-element_type=\"widget\" data-e-type=\"widget\" data-widget_type=\"image.default\">\n\t\t\t\t<div class=\"elementor-widget-container\">\n\t\t\t\t\t\t\t\t\t\t\t\t\t\t\t<img decoding=\"async\" width=\"540\" height=\"146\" src=\"https:\/\/sunfireheaters.ca\/wp-content\/uploads\/2023\/08\/SF80-Logo-Red-Black.png\" class=\"attachment-medium_large size-medium_large wp-image-6074\" alt=\"\" srcset=\"https:\/\/sunfireheaters.ca\/wp-content\/uploads\/2023\/08\/SF80-Logo-Red-Black.png 540w, https:\/\/sunfireheaters.ca\/wp-content\/uploads\/2023\/08\/SF80-Logo-Red-Black-300x81.png 300w\" sizes=\"(max-width: 540px) 100vw, 540px\">\t\t\t\t\t\t\t\t\t\t\t\t\t\t\t<\/div>\n\t\t\t\t<\/div>\n\t\t\t\t<div class=\"elementor-element elementor-element-d5d8d8f elementor-widget elementor-widget-text-editor\" data-id=\"d5d8d8f\" data-element_type=\"widget\" data-e-type=\"widget\" data-widget_type=\"text-editor.default\">\n\t\t\t\t<div class=\"elementor-widget-container\">\n\t\t\t\t\t\t\t\t\t<p>80 000 BTU<\/p>\n\t\t\t\t\t\t\t\t<\/div>\n\t\t\t\t<\/div>\n\t\t\t\t<div class=\"elementor-element elementor-element-4ed5120 elementor-align-center elementor-widget elementor-widget-button\" data-id=\"4ed5120\" data-element_type=\"widget\" data-e-type=\"widget\" data-widget_type=\"button.default\">\n\t\t\t\t<div class=\"elementor-widget-container\">\n\t\t\t\t\t\t\t\t\t<div class=\"elementor-button-wrapper\">\n\t\t\t\t\t<a class=\"elementor-button elementor-button-link elementor-size-lg\" href=\"#\">\n\t\t\t\t\t\t<span class=\"elementor-button-content-wrapper\">\n\t\t\t\t\t\t\t\t\t<span class=\"elementor-button-text\">ACHETER<\/span>\n\t\t\t\t\t<\/span>\n\t\t\t\t\t<\/a>\n\t\t\t\t<\/div>\n\t\t\t\t\t\t\t\t<\/div>\n\t\t\t\t<\/div>\n\t\t\t\t\t<\/div>\n\t\t\t\t<\/div>\n\t\t\t\t\t<\/div>\n\t\t\t\t<\/div>\n\t\t<div class=\"elementor-element elementor-element-75c9b70 e-flex e-con-boxed e-con e-child\" data-id=\"75c9b70\" data-element_type=\"container\" data-e-type=\"container\">\n\t\t\t\t\t<div class=\"e-con-inner\">\n\t\t\t\t<div class=\"elementor-element elementor-element-b98a1e3 elementor-widget elementor-widget-image\" data-id=\"b98a1e3\" data-element_type=\"widget\" data-e-type=\"widget\" data-widget_type=\"image.default\">\n\t\t\t\t<div class=\"elementor-widget-container\">\n\t\t\t\t\t\t\t\t\t\t\t\t\t\t\t<img decoding=\"async\" width=\"425\" height=\"499\" src=\"https:\/\/sunfireheaters.ca\/wp-content\/uploads\/2023\/09\/SUNFIRE_SF120_HERO_1_web-min.png\" class=\"attachment-medium_large size-medium_large wp-image-6081\" alt=\"\" srcset=\"https:\/\/sunfireheaters.ca\/wp-content\/uploads\/2023\/09\/SUNFIRE_SF120_HERO_1_web-min.png 425w, https:\/\/sunfireheaters.ca\/wp-content\/uploads\/2023\/09\/SUNFIRE_SF120_HERO_1_web-min-256x300.png 256w\" sizes=\"(max-width: 425px) 100vw, 425px\">\t\t\t\t\t\t\t\t\t\t\t\t\t\t\t<\/div>\n\t\t\t\t<\/div>\n\t\t<div class=\"elementor-element elementor-element-87a0409 e-flex e-con-boxed e-con e-child\" data-id=\"87a0409\" data-element_type=\"container\" data-e-type=\"container\" data-settings=\"{&quot;background_background&quot;:&quot;classic&quot;}\">\n\t\t\t\t\t<div class=\"e-con-inner\">\n\t\t\t\t<div class=\"elementor-element elementor-element-c2ea83f elementor-widget elementor-widget-image\" data-id=\"c2ea83f\" data-element_type=\"widget\" data-e-type=\"widget\" data-widget_type=\"image.default\">\n\t\t\t\t<div class=\"elementor-widget-container\">\n\t\t\t\t\t\t\t\t\t\t\t\t\t\t\t<img loading=\"lazy\" decoding=\"async\" width=\"640\" height=\"160\" src=\"https:\/\/sunfireheaters.ca\/wp-content\/uploads\/2022\/10\/SF120-RED-BLACK-RED-RADIANT.png\" class=\"attachment-medium_large size-medium_large wp-image-5781\" alt=\"\" srcset=\"https:\/\/sunfireheaters.ca\/wp-content\/uploads\/2022\/10\/SF120-RED-BLACK-RED-RADIANT.png 640w, https:\/\/sunfireheaters.ca\/wp-content\/uploads\/2022\/10\/SF120-RED-BLACK-RED-RADIANT-600x150.png 600w, https:\/\/sunfireheaters.ca\/wp-content\/uploads\/2022\/10\/SF120-RED-BLACK-RED-RADIANT-300x75.png 300w\" sizes=\"(max-width: 640px) 100vw, 640px\">\t\t\t\t\t\t\t\t\t\t\t\t\t\t\t<\/div>\n\t\t\t\t<\/div>\n\t\t\t\t<div class=\"elementor-element elementor-element-133c02a elementor-widget elementor-widget-text-editor\" data-id=\"133c02a\" data-element_type=\"widget\" data-e-type=\"widget\" data-widget_type=\"text-editor.default\">\n\t\t\t\t<div class=\"elementor-widget-container\">\n\t\t\t\t\t\t\t\t\t<p>120 000 BTU<\/p>\n\t\t\t\t\t\t\t\t<\/div>\n\t\t\t\t<\/div>\n\t\t\t\t<div class=\"elementor-element elementor-element-ce6f95b elementor-align-center elementor-widget elementor-widget-button\" data-id=\"ce6f95b\" data-element_type=\"widget\" data-e-type=\"widget\" data-widget_type=\"button.default\">\n\t\t\t\t<div class=\"elementor-widget-container\">\n\t\t\t\t\t\t\t\t\t<div class=\"elementor-button-wrapper\">\n\t\t\t\t\t<a class=\"elementor-button elementor-button-link elementor-size-lg\" href=\"#\">\n\t\t\t\t\t\t<span class=\"elementor-button-content-wrapper\">\n\t\t\t\t\t\t\t\t\t<span class=\"elementor-button-text\">ACHETER<\/span>\n\t\t\t\t\t<\/span>\n\t\t\t\t\t<\/a>\n\t\t\t\t<\/div>\n\t\t\t\t\t\t\t\t<\/div>\n\t\t\t\t<\/div>\n\t\t\t\t\t<\/div>\n\t\t\t\t<\/div>\n\t\t\t\t\t<\/div>\n\t\t\t\t<\/div>\n\t\t<div class=\"elementor-element elementor-element-e3eca66 e-flex e-con-boxed e-con e-child\" data-id=\"e3eca66\" data-element_type=\"container\" data-e-type=\"container\">\n\t\t\t\t\t<div class=\"e-con-inner\">\n\t\t\t\t<div class=\"elementor-element elementor-element-9ff702d elementor-widget elementor-widget-image\" data-id=\"9ff702d\" data-element_type=\"widget\" data-e-type=\"widget\" data-widget_type=\"image.default\">\n\t\t\t\t<div class=\"elementor-widget-container\">\n\t\t\t\t\t\t\t\t\t\t\t\t\t\t\t<img loading=\"lazy\" decoding=\"async\" width=\"425\" height=\"493\" src=\"https:\/\/sunfireheaters.ca\/wp-content\/uploads\/2023\/09\/SUNFIRE_SF150_HERO_1-min.png\" class=\"attachment-medium_large size-medium_large wp-image-6082\" alt=\"\" srcset=\"https:\/\/sunfireheaters.ca\/wp-content\/uploads\/2023\/09\/SUNFIRE_SF150_HERO_1-min.png 425w, https:\/\/sunfireheaters.ca\/wp-content\/uploads\/2023\/09\/SUNFIRE_SF150_HERO_1-min-259x300.png 259w\" sizes=\"(max-width: 425px) 100vw, 425px\">\t\t\t\t\t\t\t\t\t\t\t\t\t\t\t<\/div>\n\t\t\t\t<\/div>\n\t\t<div class=\"elementor-element elementor-element-d4ff8f5 e-flex e-con-boxed e-con e-child\" data-id=\"d4ff8f5\" data-element_type=\"container\" data-e-type=\"container\" data-settings=\"{&quot;background_background&quot;:&quot;classic&quot;}\">\n\t\t\t\t\t<div class=\"e-con-inner\">\n\t\t\t\t<div class=\"elementor-element elementor-element-bf2f5de elementor-widget elementor-widget-image\" data-id=\"bf2f5de\" data-element_type=\"widget\" data-e-type=\"widget\" data-widget_type=\"image.default\">\n\t\t\t\t<div class=\"elementor-widget-container\">\n\t\t\t\t\t\t\t\t\t\t\t\t\t\t\t<img loading=\"lazy\" decoding=\"async\" width=\"640\" height=\"160\" src=\"https:\/\/sunfireheaters.ca\/wp-content\/uploads\/2022\/10\/SF150-RED-BLACK-RED-RADIANT.png\" class=\"attachment-medium_large size-medium_large wp-image-5782\" alt=\"\" srcset=\"https:\/\/sunfireheaters.ca\/wp-content\/uploads\/2022\/10\/SF150-RED-BLACK-RED-RADIANT.png 640w, https:\/\/sunfireheaters.ca\/wp-content\/uploads\/2022\/10\/SF150-RED-BLACK-RED-RADIANT-600x150.png 600w, https:\/\/sunfireheaters.ca\/wp-content\/uploads\/2022\/10\/SF150-RED-BLACK-RED-RADIANT-300x75.png 300w\" sizes=\"(max-width: 640px) 100vw, 640px\">\t\t\t\t\t\t\t\t\t\t\t\t\t\t\t<\/div>\n\t\t\t\t<\/div>\n\t\t\t\t<div class=\"elementor-element elementor-element-c60ef35 elementor-widget elementor-widget-text-editor\" data-id=\"c60ef35\" data-element_type=\"widget\" data-e-type=\"widget\" data-widget_type=\"text-editor.default\">\n\t\t\t\t<div class=\"elementor-widget-container\">\n\t\t\t\t\t\t\t\t\t<p>150 000 BTU<\/p>\n\t\t\t\t\t\t\t\t<\/div>\n\t\t\t\t<\/div>\n\t\t\t\t<div class=\"elementor-element elementor-element-6d5705b elementor-align-center elementor-widget elementor-widget-button\" data-id=\"6d5705b\" data-element_type=\"widget\" data-e-type=\"widget\" data-widget_type=\"button.default\">\n\t\t\t\t<div class=\"elementor-widget-container\">\n\t\t\t\t\t\t\t\t\t<div class=\"elementor-button-wrapper\">\n\t\t\t\t\t<a class=\"elementor-button elementor-button-link elementor-size-lg\" href=\"#\">\n\t\t\t\t\t\t<span class=\"elementor-button-content-wrapper\">\n\t\t\t\t\t\t\t\t\t<span class=\"elementor-button-text\">ACHETER<\/span>\n\t\t\t\t\t<\/span>\n\t\t\t\t\t<\/a>\n\t\t\t\t<\/div>\n\t\t\t\t\t\t\t\t<\/div>\n\t\t\t\t<\/div>\n\t\t\t\t\t<\/div>\n\t\t\t\t<\/div>\n\t\t\t\t\t<\/div>\n\t\t\t\t<\/div>\n\t\t\t\t\t<\/div>\n\t\t\t\t<\/div>\n\t\t\t\t\t<\/div>\n\t\t\t\t<\/div>\n\t\t<div class=\"elementor-element elementor-element-9ec4067 e-flex e-con-boxed e-con e-parent\" data-id=\"9ec4067\" data-element_type=\"container\" data-e-type=\"container\">\n\t\t\t\t\t<div class=\"e-con-inner\">\n\t\t\t\t\t<\/div>\n\t\t\t\t<\/div>\n\t\t\t\t<\/div>\n\t\t","protected":false},"excerpt":{"rendered":"<p>Bient\u00f4t des magasins locaux Vous pouvez \u00e9galement acheter directement. Choisissez votre mod\u00e8le ci-dessous pour l&rsquo;acheter maintenant. 80 000 BTU ACHETER 120 000 BTU ACHETER 150 000 BTU ACHETER<\/p>\n","protected":false},"author":7,"featured_media":0,"parent":0,"menu_order":0,"comment_status":"closed","ping_status":"closed","template":"","meta":{"site-sidebar-layout":"no-sidebar","site-content-layout":"page-builder","ast-site-content-layout":"default","site-content-style":"default","site-sidebar-style":"default","ast-global-header-display":"","ast-banner-title-visibility":"","ast-main-header-display":"","ast-hfb-above-header-display":"","ast-hfb-below-header-display":"","ast-hfb-mobile-header-display":"","site-post-title":"disabled","ast-breadcrumbs-content":"","ast-featured-img":"disabled","footer-sml-layout":"","ast-disable-related-posts":"","theme-transparent-header-meta":"","adv-header-id-meta":"","stick-header-meta":"","header-above-stick-meta":"","header-main-stick-meta":"","header-below-stick-meta":"","astra-migrate-meta-layouts":"default","ast-page-background-enabled":"default","ast-page-background-meta":{"desktop":{"background-color":"var(--ast-global-color-4)","background-image":"","background-repeat":"repeat","background-position":"center center","background-size":"auto","background-attachment":"scroll","background-type":"","background-media":"","overlay-type":"","overlay-color":"","overlay-opacity":"","overlay-gradient":""},"tablet":{"background-color":"","background-image":"","background-repeat":"repeat","background-position":"center center","background-size":"auto","background-attachment":"scroll","background-type":"","background-media":"","overlay-type":"","overlay-color":"","overlay-opacity":"","overlay-gradient":""},"mobile":{"background-color":"","background-image":"","background-repeat":"repeat","background-position":"center center","background-size":"auto","background-attachment":"scroll","background-type":"","background-media":"","overlay-type":"","overlay-color":"","overlay-opacity":"","overlay-gradient":""}},"ast-content-background-meta":{"desktop":{"background-color":"var(--ast-global-color-5)","background-image":"","background-repeat":"repeat","background-position":"center center","background-size":"auto","background-attachment":"scroll","background-type":"","background-media":"","overlay-type":"","overlay-color":"","overlay-opacity":"","overlay-gradient":""},"tablet":{"background-color":"var(--ast-global-color-5)","background-image":"","background-repeat":"repeat","background-position":"center center","background-size":"auto","background-attachment":"scroll","background-type":"","background-media":"","overlay-type":"","overlay-color":"","overlay-opacity":"","overlay-gradient":""},"mobile":{"background-color":"var(--ast-global-color-5)","background-image":"","background-repeat":"repeat","background-position":"center center","background-size":"auto","background-attachment":"scroll","background-type":"","background-media":"","overlay-type":"","overlay-color":"","overlay-opacity":"","overlay-gradient":""}},"footnotes":""},"class_list":["post-6259","page","type-page","status-publish","hentry"],"_links":{"self":[{"href":"https:\/\/sunfireheaters.ca\/fr\/wp-json\/wp\/v2\/pages\/6259","targetHints":{"allow":["GET"]}}],"collection":[{"href":"https:\/\/sunfireheaters.ca\/fr\/wp-json\/wp\/v2\/pages"}],"about":[{"href":"https:\/\/sunfireheaters.ca\/fr\/wp-json\/wp\/v2\/types\/page"}],"author":[{"embeddable":true,"href":"https:\/\/sunfireheaters.ca\/fr\/wp-json\/wp\/v2\/users\/7"}],"replies":[{"embeddable":true,"href":"https:\/\/sunfireheaters.ca\/fr\/wp-json\/wp\/v2\/comments?post=6259"}],"version-history":[{"count":0,"href":"https:\/\/sunfireheaters.ca\/fr\/wp-json\/wp\/v2\/pages\/6259\/revisions"}],"wp:attachment":[{"href":"https:\/\/sunfireheaters.ca\/fr\/wp-json\/wp\/v2\/media?parent=6259"}],"curies":[{"name":"wp","href":"https:\/\/api.w.org\/{rel}","templated":true}]}}